{"id":32,"date":"2020-10-13T13:28:52","date_gmt":"2020-10-13T18:28:52","guid":{"rendered":"https:\/\/testudearroba.udea.edu.co\/siciudadania\/?page_id=32"},"modified":"2020-12-02T10:20:31","modified_gmt":"2020-12-02T15:20:31","slug":"bienvenidas-y-bienvenidos","status":"publish","type":"page","link":"https:\/\/laboratoriosciudadanos.siciudadania.co\/index.php\/bienvenidas-y-bienvenidos\/","title":{"rendered":"\u00a1Bienvenidas y bienvenidos!"},"content":{"rendered":"\n<p class=\"has-medium-font-size\">Para iniciar tu recorrido por los Laboratorios Ciudadanos Medell\u00edn 2020, te invitamos a visualizar nuestro video de bienvenida.<\/p>\n\n\n\n<figure class=\"wp-block-image size-large is-resized\"><img loading=\"lazy\" src=\"https:\/\/laboratoriosciudadanos.siciudadania.co\/wp-content\/uploads\/2020\/11\/espacio-1021x1024.png\" alt=\"\" class=\"wp-image-351\" width=\"20\" height=\"20\" srcset=\"https:\/\/laboratoriosciudadanos.siciudadania.co\/wp-content\/uploads\/2020\/11\/espacio-1021x1024.png 1021w, https:\/\/laboratoriosciudadanos.siciudadania.co\/wp-content\/uploads\/2020\/11\/espacio-300x300.png 300w, https:\/\/laboratoriosciudadanos.siciudadania.co\/wp-content\/uploads\/2020\/11\/espacio-150x150.png 150w, https:\/\/laboratoriosciudadanos.siciudadania.co\/wp-content\/uploads\/2020\/11\/espacio-768x770.png 768w, https:\/\/laboratoriosciudadanos.siciudadania.co\/wp-content\/uploads\/2020\/11\/espacio-470x470.png 470w, https:\/\/laboratoriosciudadanos.siciudadania.co\/wp-content\/uploads\/2020\/11\/espacio-585x550.png 585w, https:\/\/laboratoriosciudadanos.siciudadania.co\/wp-content\/uploads\/2020\/11\/espacio.png 1225w\" sizes=\"(max-width: 20px) 100vw, 20px\" \/><\/figure>\n\n\n\n<div class=\"wp-block-columns\">\n<div class=\"wp-block-column\" style=\"flex-basis:25%\"><\/div>\n\n\n\n<div class=\"wp-block-column\" style=\"flex-basis:50%\">\n<figure class=\"wp-block-video\"><video controls src=\"https:\/\/laboratoriosciudadanos.siciudadania.co\/wp-content\/uploads\/2020\/11\/Video-4_V02.mp4\"><\/video><\/figure>\n<\/div>\n\n\n\n<div class=\"wp-block-column\" style=\"flex-basis:25%\"><\/div>\n<\/div>\n\n\n\n<figure class=\"wp-block-image size-large is-resized\"><img loading=\"lazy\" src=\"https:\/\/laboratoriosciudadanos.siciudadania.co\/wp-content\/uploads\/2020\/11\/espacio-1021x1024.png\" alt=\"\" class=\"wp-image-351\" width=\"72\" height=\"72\" srcset=\"https:\/\/laboratoriosciudadanos.siciudadania.co\/wp-content\/uploads\/2020\/11\/espacio-1021x1024.png 1021w, https:\/\/laboratoriosciudadanos.siciudadania.co\/wp-content\/uploads\/2020\/11\/espacio-300x300.png 300w, https:\/\/laboratoriosciudadanos.siciudadania.co\/wp-content\/uploads\/2020\/11\/espacio-150x150.png 150w, https:\/\/laboratoriosciudadanos.siciudadania.co\/wp-content\/uploads\/2020\/11\/espacio-768x770.png 768w, https:\/\/laboratoriosciudadanos.siciudadania.co\/wp-content\/uploads\/2020\/11\/espacio-470x470.png 470w, https:\/\/laboratoriosciudadanos.siciudadania.co\/wp-content\/uploads\/2020\/11\/espacio.png 1225w\" sizes=\"(max-width: 72px) 100vw, 72px\" \/><\/figure>\n\n\n\n<div class=\"wp-block-columns\">\n<div class=\"wp-block-column\" style=\"flex-basis:66.66%\">\n<figure class=\"wp-block-image size-large is-resized\"><img loading=\"lazy\" src=\"https:\/\/laboratoriosciudadanos.siciudadania.co\/wp-content\/uploads\/2020\/11\/espacio-1021x1024.png\" alt=\"\" class=\"wp-image-351\" width=\"80\" height=\"80\" srcset=\"https:\/\/laboratoriosciudadanos.siciudadania.co\/wp-content\/uploads\/2020\/11\/espacio-1021x1024.png 1021w, https:\/\/laboratoriosciudadanos.siciudadania.co\/wp-content\/uploads\/2020\/11\/espacio-300x300.png 300w, https:\/\/laboratoriosciudadanos.siciudadania.co\/wp-content\/uploads\/2020\/11\/espacio-150x150.png 150w, https:\/\/laboratoriosciudadanos.siciudadania.co\/wp-content\/uploads\/2020\/11\/espacio-768x770.png 768w, https:\/\/laboratoriosciudadanos.siciudadania.co\/wp-content\/uploads\/2020\/11\/espacio-470x470.png 470w, https:\/\/laboratoriosciudadanos.siciudadania.co\/wp-content\/uploads\/2020\/11\/espacio.png 1225w\" sizes=\"(max-width: 80px) 100vw, 80px\" \/><\/figure>\n\n\n\n<p class=\"has-medium-font-size\">Este espacio de participaci\u00f3n ciudadana est\u00e1 fundamentado en los principios de la cocreaci\u00f3n, el trabajo colaborativo y la inclusi\u00f3n, por eso te invitamos a escuchar este podcast que hemos preparado para que conozcas lo que significa la cocreaci\u00f3n para nosotros, \u00bfte animas?<\/p>\n<\/div>\n\n\n\n<div class=\"wp-block-column\" style=\"flex-basis:33.33%\">\n<figure class=\"wp-block-video\"><video controls src=\"https:\/\/laboratoriosciudadanos.siciudadania.co\/wp-content\/uploads\/2020\/11\/Cocrear.mp4\"><\/video><\/figure>\n<\/div>\n<\/div>\n\n\n\n<figure class=\"wp-block-image size-large is-resized\"><img loading=\"lazy\" src=\"https:\/\/laboratoriosciudadanos.siciudadania.co\/wp-content\/uploads\/2020\/11\/espacio-1021x1024.png\" alt=\"\" class=\"wp-image-351\" width=\"46\" height=\"46\" srcset=\"https:\/\/laboratoriosciudadanos.siciudadania.co\/wp-content\/uploads\/2020\/11\/espacio-1021x1024.png 1021w, https:\/\/laboratoriosciudadanos.siciudadania.co\/wp-content\/uploads\/2020\/11\/espacio-300x300.png 300w, https:\/\/laboratoriosciudadanos.siciudadania.co\/wp-content\/uploads\/2020\/11\/espacio-150x150.png 150w, https:\/\/laboratoriosciudadanos.siciudadania.co\/wp-content\/uploads\/2020\/11\/espacio-768x770.png 768w, https:\/\/laboratoriosciudadanos.siciudadania.co\/wp-content\/uploads\/2020\/11\/espacio-470x470.png 470w, https:\/\/laboratoriosciudadanos.siciudadania.co\/wp-content\/uploads\/2020\/11\/espacio.png 1225w\" sizes=\"(max-width: 46px) 100vw, 46px\" \/><\/figure>\n\n\n\n<p class=\"has-medium-font-size\">Nuestro principal reto es fortalecer nuestras capacidades para la participaci\u00f3n ciudadana, por esta raz\u00f3n te invitamos a observar atentamente el Webinar Participar en tiempos de cambio: oportunidades y retos de las ciudadan\u00edas digitales.&nbsp;<\/p>\n\n\n\n<p class=\"has-medium-font-size\">\u270f\ufe0f <strong>Fabio Vel\u00e1squez Carrillo<\/strong>. Soci\u00f3logo colombiano, especialista en Ordenamiento Territorial y candidato a doctor en Ciencia Pol\u00edtica. Docente y asesor de la presidencia ejecutiva de la Fundaci\u00f3n Foro Nacional por Colombia. Ha sido consultor nacional e internacional sobre temas de participaci\u00f3n ciudadana, descentralizaci\u00f3n y gesti\u00f3n p\u00fablica, planeaci\u00f3n, ordenamiento territorial e industrias extractivas. <a rel=\"noreferrer noopener\" href=\"http:\/\/www.foro.org.co\/\" target=\"_blank\"><em><strong>Foro Nacional por Colombia<\/strong><\/em><\/a><\/p>\n\n\n\n<p class=\"has-medium-font-size\">\u270f\ufe0f <strong>Cristian Figueroa<\/strong>. Chileno, doctor en Ingenier\u00eda Industrial, fundador de la metodolog\u00eda TejeRedes. Se dedica a armonizar comunidades y organizaciones promoviendo que las personas trabajen en red colaborativamente para tener un sistema m\u00e1s feliz. <a href=\"http:\/\/www.tejeredes.net\/\"><em><strong>Teje Redes<\/strong><\/em><\/a><\/p>\n\n\n\n<p class=\"has-medium-font-size\">\u270f\ufe0f <strong>Moderadora: Yulieth Carvajal Londo\u00f1o<\/strong>. Trabajadora Social, mag\u00edster en Estudios Urbano Regionales y candidata a doctora en Ciencias Humanas y Sociales. Docente e investigadora catedr\u00e1tica de la Universidad de Antioquia y del Colegio Mayor de Antioquia, con experiencia profesional en las \u00e1reas de los estudios territoriales; la planeaci\u00f3n y gesti\u00f3n del desarrollo; la democracia y la participaci\u00f3n; y los movimientos sociales y las acciones colectivas.&nbsp;<\/p>\n\n\n\n<div class=\"wp-block-columns\">\n<div class=\"wp-block-column\" style=\"flex-basis:25%\"><\/div>\n\n\n\n<div class=\"wp-block-column\" style=\"flex-basis:50%\">\n<figure class=\"wp-block-embed-youtube wp-block-embed is-type-video is-provider-youtube wp-embed-aspect-16-9 wp-has-aspect-ratio\"><div class=\"wp-block-embed__wrapper\">\n<iframe title=\"Participar en tiempos de cambio: oportunidades y retos de las ciudadan\u00edas digitales\" width=\"640\" height=\"360\" src=\"https:\/\/www.youtube.com\/embed\/4W7qWJjjgKw?start=1&#038;feature=oembed\" frameborder=\"0\" allow=\"accelerometer; autoplay; clipboard-write; encrypted-media; gyroscope; picture-in-picture\" allowfullscreen><\/iframe>\n<\/div><\/figure>\n<\/div>\n\n\n\n<div class=\"wp-block-column\" style=\"flex-basis:25%\"><\/div>\n<\/div>\n\n\n\n<figure class=\"wp-block-image size-large is-resized\"><img loading=\"lazy\" src=\"https:\/\/laboratoriosciudadanos.siciudadania.co\/wp-content\/uploads\/2020\/11\/espacio-1021x1024.png\" alt=\"\" class=\"wp-image-351\" width=\"46\" height=\"46\" srcset=\"https:\/\/laboratoriosciudadanos.siciudadania.co\/wp-content\/uploads\/2020\/11\/espacio-1021x1024.png 1021w, https:\/\/laboratoriosciudadanos.siciudadania.co\/wp-content\/uploads\/2020\/11\/espacio-300x300.png 300w, https:\/\/laboratoriosciudadanos.siciudadania.co\/wp-content\/uploads\/2020\/11\/espacio-150x150.png 150w, https:\/\/laboratoriosciudadanos.siciudadania.co\/wp-content\/uploads\/2020\/11\/espacio-768x770.png 768w, https:\/\/laboratoriosciudadanos.siciudadania.co\/wp-content\/uploads\/2020\/11\/espacio-470x470.png 470w, https:\/\/laboratoriosciudadanos.siciudadania.co\/wp-content\/uploads\/2020\/11\/espacio.png 1225w\" sizes=\"(max-width: 46px) 100vw, 46px\" \/><\/figure>\n\n\n\n<p style=\"font-size:25px\">\u00bfEst\u00e1s lista o listo para comenzar? Haz clic en el Laboratorio que deseas explorar y sigue las indicaciones que te dejamos all\u00ed<\/p>\n\n\n<!-- Final Tiles Grid Gallery for WordPress v3.5.5 free --><style>#ftg-33 .tile .icon { color:#ffffff; }#ftg-33 .ftg-items .loading-bar i { background:#666; }#ftg-33 .ftg-items .loading-bar { background:#fff; }#ftg-33 .tile .icon { font-size:12px; }#ftg-33 .tile .icon { margin: -6px 0 0 -6px; }#ftg-33 .tile .caption-block .text-wrapper span.text { font-size:20px; }#ftg-33 .tile .caption-outside .text-wrapper span.text { font-size:20px; }#ftg-33 .tile .caption-block .text-wrapper span.title { font-size:30px; }#ftg-33 .tile .caption-outside .text-wrapper span.title { font-size:30px; }#ftg-33 .tile { background-color: transparent; }#ftg-33 .tile .caption-block .text-wrapper span.text { color: #2d3c5b; }#ftg-33 .tile .caption-block .text-wrapper span.title { color: #2d3c5b; }#ftg-33 .tile .caption-outside .text-wrapper span.text { color: #2d3c5b; }#ftg-33 .tile .caption-outside .text-wrapper span.title { color: #2d3c5b; }#ftg-33 .tile .ftg-social a { color: #ffffff; }#ftg-33 .tile .caption-block { transition-duration:0.25s; }#ftg-33 .tile .tile-inner:before { background-color: #000000; }#ftg-33 .tile .tile-inner:before { background-color: rgba(0, 0, 0, 0.1); }#ftg-33 .tile:hover img {-moz-transform: ;-webkit-transform: ;-o-transform: ;-ms-transform: ;transform: ;}<\/style><a name='3'><\/a><div class='final-tiles-gallery  ftg-hover-enabled caption-inside  caption-none caption-middle caption-center' id='ftg-33' style='width:100%'><div class='ftg-items'><div class='loading-bar'><i><\/i><\/div><div  class='tile ftg-preload  '><a title=\"\"  rel='ftg-33' target='_self' class=' tile-inner  ' href='https:\/\/laboratoriosciudadanos.siciudadania.co\/index.php\/lab-1-descubrimiento\/' ><img alt='' class='item skip-lazy' data-class='item' data-ftg-source='https:\/\/laboratoriosciudadanos.siciudadania.co\/wp-content\/uploads\/2020\/11\/Lab-1-min.png' src='https:\/\/laboratoriosciudadanos.siciudadania.co\/wp-content\/uploads\/2020\/11\/Lab-1-min.png' width='2135' height='2135' \/><\/a><div class='ftg-social'><\/div><\/div><div  class='tile ftg-preload  '><a title=\"\"  rel='ftg-33' target='_self' class=' tile-inner  ' href='https:\/\/laboratoriosciudadanos.siciudadania.co\/index.php\/lab-1-descubrimiento\/' ><img alt='' class='item skip-lazy' data-class='item' data-ftg-source='https:\/\/laboratoriosciudadanos.siciudadania.co\/wp-content\/uploads\/2020\/11\/Lab1_Bienvenidos.png' src='https:\/\/laboratoriosciudadanos.siciudadania.co\/wp-content\/uploads\/2020\/11\/Lab1_Bienvenidos.png' width='2135' height='2135' \/><\/a><div class='ftg-social'><\/div><\/div><div  class='tile ftg-preload  '><a title=\"\"  rel='ftg-33' target='_self' class=' tile-inner  ' href='https:\/\/laboratoriosciudadanos.siciudadania.co\/index.php\/lab-2-identificacion\/' ><img alt='' class='item skip-lazy' data-class='item' data-ftg-source='https:\/\/laboratoriosciudadanos.siciudadania.co\/wp-content\/uploads\/2020\/11\/Lab-2-min.png' src='https:\/\/laboratoriosciudadanos.siciudadania.co\/wp-content\/uploads\/2020\/11\/Lab-2-min.png' width='2134' height='2134' \/><\/a><div class='ftg-social'><\/div><\/div><div  class='tile ftg-preload  '><a title=\"\"  rel='ftg-33' target='_self' class=' tile-inner  ' href='https:\/\/laboratoriosciudadanos.siciudadania.co\/index.php\/lab-2-identificacion\/' ><img alt='' class='item skip-lazy' data-class='item' data-ftg-source='https:\/\/laboratoriosciudadanos.siciudadania.co\/wp-content\/uploads\/2020\/11\/Lab2_Bienvenidos.png' src='https:\/\/laboratoriosciudadanos.siciudadania.co\/wp-content\/uploads\/2020\/11\/Lab2_Bienvenidos.png' width='2135' height='2135' \/><\/a><div class='ftg-social'><\/div><\/div><div  class='tile ftg-preload  '><a title=\"\"  rel='ftg-33' target='_self' class=' tile-inner  ' href='https:\/\/laboratoriosciudadanos.siciudadania.co\/index.php\/lab-3-inspiracion\/' ><img alt='' class='item skip-lazy' data-class='item' data-ftg-source='https:\/\/laboratoriosciudadanos.siciudadania.co\/wp-content\/uploads\/2020\/11\/Lab-3-min.png' src='https:\/\/laboratoriosciudadanos.siciudadania.co\/wp-content\/uploads\/2020\/11\/Lab-3-min.png' width='2135' height='2135' \/><\/a><div class='ftg-social'><\/div><\/div><div  class='tile ftg-preload  '><a title=\"\"  rel='ftg-33' target='_self' class=' tile-inner  ' href='https:\/\/laboratoriosciudadanos.siciudadania.co\/index.php\/lab-3-inspiracion\/' ><img alt='' class='item skip-lazy' data-class='item' data-ftg-source='https:\/\/laboratoriosciudadanos.siciudadania.co\/wp-content\/uploads\/2020\/11\/Lab3_Bienvenidos.png' src='https:\/\/laboratoriosciudadanos.siciudadania.co\/wp-content\/uploads\/2020\/11\/Lab3_Bienvenidos.png' width='2135' height='2135' \/><\/a><div class='ftg-social'><\/div><\/div><div  class='tile ftg-preload  '><a title=\"\"  rel='ftg-33' target='_self' class=' tile-inner  ' href='https:\/\/laboratoriosciudadanos.siciudadania.co\/index.php\/lab-4-ideacion\/' ><img alt='' class='item skip-lazy' data-class='item' data-ftg-source='https:\/\/laboratoriosciudadanos.siciudadania.co\/wp-content\/uploads\/2020\/11\/Lab-4-min.png' src='https:\/\/laboratoriosciudadanos.siciudadania.co\/wp-content\/uploads\/2020\/11\/Lab-4-min.png' width='2134' height='2135' \/><\/a><div class='ftg-social'><\/div><\/div><div  class='tile ftg-preload  '><a title=\"\"  rel='ftg-33' target='_self' class=' tile-inner  ' href='https:\/\/laboratoriosciudadanos.siciudadania.co\/index.php\/lab-4-ideacion\/' ><img alt='' class='item skip-lazy' data-class='item' data-ftg-source='https:\/\/laboratoriosciudadanos.siciudadania.co\/wp-content\/uploads\/2020\/11\/Lab4_Bienvenidos.png' src='https:\/\/laboratoriosciudadanos.siciudadania.co\/wp-content\/uploads\/2020\/11\/Lab4_Bienvenidos.png' width='2135' height='2135' \/><\/a><div class='ftg-social'><\/div><\/div><\/div><\/div><script type='text\/javascript'>jQuery('#ftg-33 img.item').removeAttr('src');jQuery(document).ready(function () {setTimeout(function () {jQuery('#ftg-33').finalTilesGallery({minTileWidth: 250,margin: 10,loadMethod: 'sequential',nonce: '20f8b077c8',galleryId: '3',setupFilters: true,layout: 'columns',debug: false,gridSize: 20,disableGridSizeBelow:800,allowEnlargement: true,columns: [[4000, 4],[1024, 4],[800, 3],[480, 3],[320, 2]],selectedFilter: 'n-a'});jQuery(function () {(function () {var rel = '';jQuery('#ftg-33 .ftg-lightbox').click(function (e) {rel = jQuery(this).attr('rel');jQuery('#ftg-33 .ftg-current').removeClass('ftg-current');jQuery('#ftg-33 [rel=\"'+rel+'\"]').addClass('ftg-current');});})();});}, 0);});<\/script>\n\n\n\n<p><\/p>\n","protected":false},"excerpt":{"rendered":"<p>Para iniciar tu recorrido por los Laboratorios Ciudadanos Medell\u00edn 2020, te invitamos a visualizar nuestro video de bienvenida. Este espacio de participaci\u00f3n ciudadana est\u00e1 fundamentado en los principios de la cocreaci\u00f3n, el trabajo colaborativo y la inclusi\u00f3n, por eso te invitamos a escuchar este podcast que hemos preparado para que conozcas lo que significa la &hellip; <\/p>\n","protected":false},"author":1,"featured_media":12,"parent":0,"menu_order":0,"comment_status":"closed","ping_status":"closed","template":"","meta":[],"_links":{"self":[{"href":"https:\/\/laboratoriosciudadanos.siciudadania.co\/index.php\/wp-json\/wp\/v2\/pages\/32"}],"collection":[{"href":"https:\/\/laboratoriosciudadanos.siciudadania.co\/index.php\/wp-json\/wp\/v2\/pages"}],"about":[{"href":"https:\/\/laboratoriosciudadanos.siciudadania.co\/index.php\/wp-json\/wp\/v2\/types\/page"}],"author":[{"embeddable":true,"href":"https:\/\/laboratoriosciudadanos.siciudadania.co\/index.php\/wp-json\/wp\/v2\/users\/1"}],"replies":[{"embeddable":true,"href":"https:\/\/laboratoriosciudadanos.siciudadania.co\/index.php\/wp-json\/wp\/v2\/comments?post=32"}],"version-history":[{"count":21,"href":"https:\/\/laboratoriosciudadanos.siciudadania.co\/index.php\/wp-json\/wp\/v2\/pages\/32\/revisions"}],"predecessor-version":[{"id":778,"href":"https:\/\/laboratoriosciudadanos.siciudadania.co\/index.php\/wp-json\/wp\/v2\/pages\/32\/revisions\/778"}],"wp:featuredmedia":[{"embeddable":true,"href":"https:\/\/laboratoriosciudadanos.siciudadania.co\/index.php\/wp-json\/wp\/v2\/media\/12"}],"wp:attachment":[{"href":"https:\/\/laboratoriosciudadanos.siciudadania.co\/index.php\/wp-json\/wp\/v2\/media?parent=32"}],"curies":[{"name":"wp","href":"https:\/\/api.w.org\/{rel}","templated":true}]}}