{"id":34,"date":"2020-10-13T13:30:06","date_gmt":"2020-10-13T18:30:06","guid":{"rendered":"https:\/\/testudearroba.udea.edu.co\/siciudadania\/?page_id=34"},"modified":"2020-11-20T14:00:26","modified_gmt":"2020-11-20T19:00:26","slug":"foro","status":"publish","type":"page","link":"https:\/\/laboratoriosciudadanos.siciudadania.co\/index.php\/foro\/","title":{"rendered":"Foro"},"content":{"rendered":"\n<p>\u00a1Gracias! Tu participaci\u00f3n en los Laboratorios Ciudadanos Medell\u00edn 2020 ha sido fundamental para seguir construyendo la ciudad que tanto so\u00f1amos, la que merecemos y la que nos abraza a todos. Para finalizar este proceso, te invitamos a ver el Webinar de cierre Medell\u00edn Nuestro Reto. Laboratorios Ciudadanos, una experiencia de innovaccion en participaci\u00f3n. Aqu\u00ed hacemos un balance de esta estrategia de innovaci\u00f3n social liderada desde la Alianza S\u00edCiudadan\u00eda.<\/p>\n\n\n\n<figure class=\"wp-block-image size-large is-resized\"><img loading=\"lazy\" src=\"https:\/\/laboratoriosciudadanos.siciudadania.co\/wp-content\/uploads\/2020\/11\/espacio-1021x1024.png\" alt=\"\" class=\"wp-image-351\" width=\"68\" height=\"68\" srcset=\"https:\/\/laboratoriosciudadanos.siciudadania.co\/wp-content\/uploads\/2020\/11\/espacio-1021x1024.png 1021w, https:\/\/laboratoriosciudadanos.siciudadania.co\/wp-content\/uploads\/2020\/11\/espacio-300x300.png 300w, https:\/\/laboratoriosciudadanos.siciudadania.co\/wp-content\/uploads\/2020\/11\/espacio-150x150.png 150w, https:\/\/laboratoriosciudadanos.siciudadania.co\/wp-content\/uploads\/2020\/11\/espacio-768x770.png 768w, https:\/\/laboratoriosciudadanos.siciudadania.co\/wp-content\/uploads\/2020\/11\/espacio-470x470.png 470w, https:\/\/laboratoriosciudadanos.siciudadania.co\/wp-content\/uploads\/2020\/11\/espacio.png 1225w\" sizes=\"(max-width: 68px) 100vw, 68px\" \/><\/figure>\n\n\n<div class=\"has-avatars has-dates has-excerpts no-comments wp-block-latest-comments\">No hay comentarios que mostrar.<\/div>","protected":false},"excerpt":{"rendered":"<p>\u00a1Gracias! Tu participaci\u00f3n en los Laboratorios Ciudadanos Medell\u00edn 2020 ha sido fundamental para seguir construyendo la ciudad que tanto so\u00f1amos, la que merecemos y la que nos abraza a todos. Para finalizar este proceso, te invitamos a ver el Webinar de cierre Medell\u00edn Nuestro Reto. Laboratorios Ciudadanos, una experiencia de innovaccion en participaci\u00f3n. Aqu\u00ed hacemos &hellip; <\/p>\n","protected":false},"author":1,"featured_media":0,"parent":0,"menu_order":0,"comment_status":"open","ping_status":"closed","template":"","meta":[],"_links":{"self":[{"href":"https:\/\/laboratoriosciudadanos.siciudadania.co\/index.php\/wp-json\/wp\/v2\/pages\/34"}],"collection":[{"href":"https:\/\/laboratoriosciudadanos.siciudadania.co\/index.php\/wp-json\/wp\/v2\/pages"}],"about":[{"href":"https:\/\/laboratoriosciudadanos.siciudadania.co\/index.php\/wp-json\/wp\/v2\/types\/page"}],"author":[{"embeddable":true,"href":"https:\/\/laboratoriosciudadanos.siciudadania.co\/index.php\/wp-json\/wp\/v2\/users\/1"}],"replies":[{"embeddable":true,"href":"https:\/\/laboratoriosciudadanos.siciudadania.co\/index.php\/wp-json\/wp\/v2\/comments?post=34"}],"version-history":[{"count":5,"href":"https:\/\/laboratoriosciudadanos.siciudadania.co\/index.php\/wp-json\/wp\/v2\/pages\/34\/revisions"}],"predecessor-version":[{"id":506,"href":"https:\/\/laboratoriosciudadanos.siciudadania.co\/index.php\/wp-json\/wp\/v2\/pages\/34\/revisions\/506"}],"wp:attachment":[{"href":"https:\/\/laboratoriosciudadanos.siciudadania.co\/index.php\/wp-json\/wp\/v2\/media?parent=34"}],"curies":[{"name":"wp","href":"https:\/\/api.w.org\/{rel}","templated":true}]}}