{"id":522,"date":"2020-11-24T13:55:00","date_gmt":"2020-11-24T18:55:00","guid":{"rendered":"https:\/\/testudearroba.udea.edu.co\/siciudadania\/?page_id=522"},"modified":"2020-12-17T15:33:41","modified_gmt":"2020-12-17T20:33:41","slug":"medellin-nuestro-reto","status":"publish","type":"page","link":"https:\/\/laboratoriosciudadanos.siciudadania.co\/index.php\/medellin-nuestro-reto\/","title":{"rendered":"Medell\u00edn nuestro reto"},"content":{"rendered":"\n<p style=\"font-size:30px\">\u00a1Gracias! <\/p>\n\n\n\n<p style=\"font-size:30px\">Tu participaci\u00f3n en los Laboratorios Ciudadanos Medell\u00edn 2020 ha sido fundamental para seguir construyendo la ciudad que tanto so\u00f1amos, la que merecemos y la que nos abraza a todos y todas. Para finalizar este proceso, te invitamos a ver el Webinar de cierre Medell\u00edn Nuestro Reto. Laboratorios Ciudadanos, una experiencia de innovaci\u00f3n en participaci\u00f3n.<\/p>\n\n\n\n<iframe width=\"560\" height=\"315\" src=\"https:\/\/www.youtube.com\/embed\/aPBNZCOZnQE\" frameborder=\"0\" allow=\"accelerometer; autoplay; clipboard-write; encrypted-media; gyroscope; picture-in-picture\" allowfullscreen><\/iframe>\n\n\n\n<p><\/p>\n\n\n\n<p style=\"font-size:30px\">Aqu\u00ed hacemos un balance de esta estrategia de innovaci\u00f3n social liderada desde la Alianza S\u00edCiudadan\u00eda.<\/p>\n","protected":false},"excerpt":{"rendered":"<p>\u00a1Gracias! Tu participaci\u00f3n en los Laboratorios Ciudadanos Medell\u00edn 2020 ha sido fundamental para seguir construyendo la ciudad que tanto so\u00f1amos, la que merecemos y la que nos abraza a todos y todas. Para finalizar este proceso, te invitamos a ver el Webinar de cierre Medell\u00edn Nuestro Reto. Laboratorios Ciudadanos, una experiencia de innovaci\u00f3n en participaci\u00f3n. &hellip; <\/p>\n","protected":false},"author":1,"featured_media":0,"parent":0,"menu_order":0,"comment_status":"closed","ping_status":"closed","template":"","meta":[],"_links":{"self":[{"href":"https:\/\/laboratoriosciudadanos.siciudadania.co\/index.php\/wp-json\/wp\/v2\/pages\/522"}],"collection":[{"href":"https:\/\/laboratoriosciudadanos.siciudadania.co\/index.php\/wp-json\/wp\/v2\/pages"}],"about":[{"href":"https:\/\/laboratoriosciudadanos.siciudadania.co\/index.php\/wp-json\/wp\/v2\/types\/page"}],"author":[{"embeddable":true,"href":"https:\/\/laboratoriosciudadanos.siciudadania.co\/index.php\/wp-json\/wp\/v2\/users\/1"}],"replies":[{"embeddable":true,"href":"https:\/\/laboratoriosciudadanos.siciudadania.co\/index.php\/wp-json\/wp\/v2\/comments?post=522"}],"version-history":[{"count":15,"href":"https:\/\/laboratoriosciudadanos.siciudadania.co\/index.php\/wp-json\/wp\/v2\/pages\/522\/revisions"}],"predecessor-version":[{"id":814,"href":"https:\/\/laboratoriosciudadanos.siciudadania.co\/index.php\/wp-json\/wp\/v2\/pages\/522\/revisions\/814"}],"wp:attachment":[{"href":"https:\/\/laboratoriosciudadanos.siciudadania.co\/index.php\/wp-json\/wp\/v2\/media?parent=522"}],"curies":[{"name":"wp","href":"https:\/\/api.w.org\/{rel}","templated":true}]}}