{"id":653,"date":"2020-12-01T08:57:25","date_gmt":"2020-12-01T13:57:25","guid":{"rendered":"https:\/\/testudearroba.udea.edu.co\/siciudadania\/?page_id=653"},"modified":"2021-03-02T12:14:47","modified_gmt":"2021-03-02T17:14:47","slug":"mas-gente-como-tu","status":"publish","type":"page","link":"https:\/\/laboratoriosciudadanos.siciudadania.co\/index.php\/mas-gente-como-tu\/","title":{"rendered":"M\u00e1s gente como t\u00fa"},"content":{"rendered":"\n<p class=\"has-medium-font-size\">\u00bfQu\u00e9 tal escuchar un poco de m\u00fasica?<\/p>\n\n\n\n<p class=\"has-medium-font-size\">Medell\u00edn necesita m\u00e1s gente como t\u00fa, por eso te proponemos escuchar esta canci\u00f3n para que te inspires en la b\u00fasqueda de problem\u00e1ticas o potencialidades de la ciudad y puedas escribirle una carta a nuestra querida casa com\u00fan.<\/p>\n\n\n\n<div style=\"height:70px\" aria-hidden=\"true\" class=\"wp-block-spacer\"><\/div>\n\n\n\n<div class=\"wp-block-columns\">\n<div class=\"wp-block-column\" style=\"flex-basis:25%\"><\/div>\n\n\n\n<div class=\"wp-block-column\" style=\"flex-basis:50%\">\n<figure class=\"wp-block-embed-youtube wp-block-embed is-type-video is-provider-youtube wp-embed-aspect-4-3 wp-has-aspect-ratio\"><div class=\"wp-block-embed__wrapper\">\n<iframe title=\"La Toma - M\u00e1s Gente Como T\u00fa, Video Oficial\" width=\"640\" height=\"480\" src=\"https:\/\/www.youtube.com\/embed\/F-401jaQ_Bg?feature=oembed\" frameborder=\"0\" allow=\"accelerometer; autoplay; clipboard-write; encrypted-media; gyroscope; picture-in-picture\" allowfullscreen><\/iframe>\n<\/div><\/figure>\n<\/div>\n\n\n\n<div class=\"wp-block-column\" style=\"flex-basis:25%\"><\/div>\n<\/div>\n\n\n\n<div class=\"wp-block-buttons\">\n<div class=\"wp-block-button is-style-outline\"><a class=\"wp-block-button__link has-black-color has-text-color\" href=\"https:\/\/laboratoriosciudadanos.siciudadania.co\/index.php\/lab-1-descubrimiento\/\">Volver<\/a><\/div>\n<\/div>\n","protected":false},"excerpt":{"rendered":"<p>\u00bfQu\u00e9 tal escuchar un poco de m\u00fasica? Medell\u00edn necesita m\u00e1s gente como t\u00fa, por eso te proponemos escuchar esta canci\u00f3n para que te inspires en la b\u00fasqueda de problem\u00e1ticas o potencialidades de la ciudad y puedas escribirle una carta a nuestra querida casa com\u00fan.<\/p>\n","protected":false},"author":1,"featured_media":0,"parent":0,"menu_order":0,"comment_status":"closed","ping_status":"closed","template":"","meta":[],"_links":{"self":[{"href":"https:\/\/laboratoriosciudadanos.siciudadania.co\/index.php\/wp-json\/wp\/v2\/pages\/653"}],"collection":[{"href":"https:\/\/laboratoriosciudadanos.siciudadania.co\/index.php\/wp-json\/wp\/v2\/pages"}],"about":[{"href":"https:\/\/laboratoriosciudadanos.siciudadania.co\/index.php\/wp-json\/wp\/v2\/types\/page"}],"author":[{"embeddable":true,"href":"https:\/\/laboratoriosciudadanos.siciudadania.co\/index.php\/wp-json\/wp\/v2\/users\/1"}],"replies":[{"embeddable":true,"href":"https:\/\/laboratoriosciudadanos.siciudadania.co\/index.php\/wp-json\/wp\/v2\/comments?post=653"}],"version-history":[{"count":6,"href":"https:\/\/laboratoriosciudadanos.siciudadania.co\/index.php\/wp-json\/wp\/v2\/pages\/653\/revisions"}],"predecessor-version":[{"id":865,"href":"https:\/\/laboratoriosciudadanos.siciudadania.co\/index.php\/wp-json\/wp\/v2\/pages\/653\/revisions\/865"}],"wp:attachment":[{"href":"https:\/\/laboratoriosciudadanos.siciudadania.co\/index.php\/wp-json\/wp\/v2\/media?parent=653"}],"curies":[{"name":"wp","href":"https:\/\/api.w.org\/{rel}","templated":true}]}}