{"id":657,"date":"2020-12-01T09:04:15","date_gmt":"2020-12-01T14:04:15","guid":{"rendered":"https:\/\/testudearroba.udea.edu.co\/siciudadania\/?page_id=657"},"modified":"2021-03-02T12:13:56","modified_gmt":"2021-03-02T17:13:56","slug":"ipcm","status":"publish","type":"page","link":"https:\/\/laboratoriosciudadanos.siciudadania.co\/index.php\/ipcm\/","title":{"rendered":"IPCM"},"content":{"rendered":"\n<p class=\"has-medium-font-size\">\u00bfSabes qu\u00e9 es el IPCM? Explora este interactivo que hemos preparado para ti y descubre algunas ideas fundamentales acerca del \u00cdndice de Participaci\u00f3n Ciudadana.<\/p>\n\n\n<p><iframe src=\"https:\/\/view.genial.ly\/5f92ece6f857b80d76184eab\" width=\"850\" height=\"500\" scrolling=\"yes\" frameborder=\"0\"><\/iframe><\/p>\n\n\n<p><\/p>\n\n\n\n<div class=\"wp-block-buttons\">\n<div class=\"wp-block-button is-style-outline\"><a class=\"wp-block-button__link has-black-color has-text-color\" href=\"https:\/\/laboratoriosciudadanos.siciudadania.co\/index.php\/lab-2-identificacion\/\">Volver<\/a><\/div>\n<\/div>\n\n\n\n<p><\/p>\n","protected":false},"excerpt":{"rendered":"<p>\u00bfSabes qu\u00e9 es el IPCM? Explora este interactivo que hemos preparado para ti y descubre algunas ideas fundamentales acerca del \u00cdndice de Participaci\u00f3n Ciudadana.<\/p>\n","protected":false},"author":1,"featured_media":0,"parent":0,"menu_order":0,"comment_status":"closed","ping_status":"closed","template":"","meta":[],"_links":{"self":[{"href":"https:\/\/laboratoriosciudadanos.siciudadania.co\/index.php\/wp-json\/wp\/v2\/pages\/657"}],"collection":[{"href":"https:\/\/laboratoriosciudadanos.siciudadania.co\/index.php\/wp-json\/wp\/v2\/pages"}],"about":[{"href":"https:\/\/laboratoriosciudadanos.siciudadania.co\/index.php\/wp-json\/wp\/v2\/types\/page"}],"author":[{"embeddable":true,"href":"https:\/\/laboratoriosciudadanos.siciudadania.co\/index.php\/wp-json\/wp\/v2\/users\/1"}],"replies":[{"embeddable":true,"href":"https:\/\/laboratoriosciudadanos.siciudadania.co\/index.php\/wp-json\/wp\/v2\/comments?post=657"}],"version-history":[{"count":6,"href":"https:\/\/laboratoriosciudadanos.siciudadania.co\/index.php\/wp-json\/wp\/v2\/pages\/657\/revisions"}],"predecessor-version":[{"id":858,"href":"https:\/\/laboratoriosciudadanos.siciudadania.co\/index.php\/wp-json\/wp\/v2\/pages\/657\/revisions\/858"}],"wp:attachment":[{"href":"https:\/\/laboratoriosciudadanos.siciudadania.co\/index.php\/wp-json\/wp\/v2\/media?parent=657"}],"curies":[{"name":"wp","href":"https:\/\/api.w.org\/{rel}","templated":true}]}}