{"id":660,"date":"2020-12-01T09:13:18","date_gmt":"2020-12-01T14:13:18","guid":{"rendered":"https:\/\/testudearroba.udea.edu.co\/siciudadania\/?page_id=660"},"modified":"2021-03-02T12:13:08","modified_gmt":"2021-03-02T17:13:08","slug":"conoce-mas","status":"publish","type":"page","link":"https:\/\/laboratoriosciudadanos.siciudadania.co\/index.php\/conoce-mas\/","title":{"rendered":"Conoce m\u00e1s"},"content":{"rendered":"\n<p class=\"has-medium-font-size\">Aqu\u00ed dejamos a tu disposici\u00f3n varias cartillas donde podr\u00e1s conocer un poco m\u00e1s acerca del \u00cdndice de Participaci\u00f3n Ciudadana, las mediciones que hemos hecho en a\u00f1os anteriores y los resultados que han arrojado. Haz clic en cada uno de los recursos para explorarlos detalladamente.<\/p>\n\n\n\n<div style=\"height:100px\" aria-hidden=\"true\" class=\"wp-block-spacer\"><\/div>\n\n\n\n<p style=\"font-size:30px\">Cartilla Calidad de la participaci\u00f3n ciudadana en Medell\u00edn: resultados IPCM 2019:<\/p>\n\n\n<div class=\"_df_book df-lite\" id=\"df_716\"  data-title=\"cartilla-calidad-de-la-participacion-ciudadana-en-medellinresultados-ipcm-2019\" _slug=\"cartilla-calidad-de-la-participacion-ciudadana-en-medellinresultados-ipcm-2019\" wpoptions=\"true\" thumbtype=\"bg\" ><p class=\"df-raw-loading\">Please wait while flipbook is loading. For more related info, FAQs and issues please refer to <a href=\"https:\/\/wordpress.org\/plugins\/3d-flipbook-dflip-lite\/#installation\">DearFlip WordPress Flipbook Plugin Help<\/a> documentation.<\/p><\/div><script class=\"df-shortcode-script\" type=\"application\/javascript\">window.option_df_716 = {\"outline\":[],\"forceFit\":\"true\",\"autoEnableOutline\":\"false\",\"autoEnableThumbnail\":\"false\",\"overwritePDFOutline\":\"false\",\"direction\":\"1\",\"pageSize\":\"0\",\"source\":\"https:\\\/\\\/laboratoriosciudadanos.siciudadania.co\\\/wp-content\\\/uploads\\\/2020\\\/12\\\/Cartilla_-Calidad-de-la-participacion-ciudadana-de-Medellin.-Resultados-IPCM-2019-Abril-23-2020.pdf\",\"wpOptions\":\"true\"}; if(window.DFLIP && window.DFLIP.parseBooks){window.DFLIP.parseBooks();}<\/script>\n\n\n\n<div style=\"height:100px\" aria-hidden=\"true\" class=\"wp-block-spacer\"><\/div>\n\n\n\n<p style=\"font-size:30px\">Cartilla Resultados de la primera medici\u00f3n del IPCM 2017<\/p>\n\n\n<div class=\"_df_book df-lite\" id=\"df_724\"  data-title=\"resultados-de-la-primera-medicion-del-ipcm-2017\" _slug=\"cartilla-actores-y-practicas-de-la-participacion-ciudadana-de-medellin\" wpoptions=\"true\" thumbtype=\"bg\" ><p class=\"df-raw-loading\">Please wait while flipbook is loading. For more related info, FAQs and issues please refer to <a href=\"https:\/\/wordpress.org\/plugins\/3d-flipbook-dflip-lite\/#installation\">DearFlip WordPress Flipbook Plugin Help<\/a> documentation.<\/p><\/div><script class=\"df-shortcode-script\" type=\"application\/javascript\">window.option_df_724 = {\"outline\":[],\"forceFit\":\"true\",\"autoEnableOutline\":\"false\",\"autoEnableThumbnail\":\"false\",\"overwritePDFOutline\":\"false\",\"direction\":\"1\",\"pageSize\":\"0\",\"source\":\"https:\\\/\\\/laboratoriosciudadanos.siciudadania.co\\\/wp-content\\\/uploads\\\/2020\\\/12\\\/Cartilla-Vol.2-Resultados-IPCM.pdf\",\"wpOptions\":\"true\"}; if(window.DFLIP && window.DFLIP.parseBooks){window.DFLIP.parseBooks();}<\/script>\n\n\n\n<div style=\"height:100px\" aria-hidden=\"true\" class=\"wp-block-spacer\"><\/div>\n\n\n\n<p style=\"font-size:30px\">Cartilla Condiciones territoriales de la Participaci\u00f3n Ciudadana en Medell\u00edn 2017:<\/p>\n\n\n<div class=\"_df_book df-lite\" id=\"df_729\"  data-title=\"condiciones-territoriales-de-la-participacion-ciudadana-en-medellin-2017\" _slug=\"cartilla-nn\" wpoptions=\"true\" thumbtype=\"bg\" ><p class=\"df-raw-loading\">Please wait while flipbook is loading. For more related info, FAQs and issues please refer to <a href=\"https:\/\/wordpress.org\/plugins\/3d-flipbook-dflip-lite\/#installation\">DearFlip WordPress Flipbook Plugin Help<\/a> documentation.<\/p><\/div><script class=\"df-shortcode-script\" type=\"application\/javascript\">window.option_df_729 = {\"outline\":[],\"forceFit\":\"true\",\"autoEnableOutline\":\"false\",\"autoEnableThumbnail\":\"false\",\"overwritePDFOutline\":\"false\",\"direction\":\"1\",\"pageSize\":\"0\",\"source\":\"https:\\\/\\\/laboratoriosciudadanos.siciudadania.co\\\/\\\/wp-content\\\/uploads\\\/2020\\\/12\\\/Cartilla-Indice-3.pdf\",\"wpOptions\":\"true\"}; if(window.DFLIP && window.DFLIP.parseBooks){window.DFLIP.parseBooks();}<\/script>\n\n\n\n<div style=\"height:100px\" aria-hidden=\"true\" class=\"wp-block-spacer\"><\/div>\n\n\n\n<p style=\"font-size:30px\">Cartilla Actores y Pr\u00e1cticas de la Participaci\u00f3n Ciudadana de Medell\u00edn:<\/p>\n\n\n<div class=\"_df_book df-lite\" id=\"df_727\"  data-title=\"actores-y-practicas-de-la-participacion-ciudadana-de-medellin\" _slug=\"cartilla-nuevas-metodologias-para-la-participacion-ciudadana\" wpoptions=\"true\" thumbtype=\"bg\" ><p class=\"df-raw-loading\">Please wait while flipbook is loading. For more related info, FAQs and issues please refer to <a href=\"https:\/\/wordpress.org\/plugins\/3d-flipbook-dflip-lite\/#installation\">DearFlip WordPress Flipbook Plugin Help<\/a> documentation.<\/p><\/div><script class=\"df-shortcode-script\" type=\"application\/javascript\">window.option_df_727 = {\"outline\":[],\"forceFit\":\"true\",\"autoEnableOutline\":\"false\",\"autoEnableThumbnail\":\"false\",\"overwritePDFOutline\":\"false\",\"direction\":\"1\",\"pageSize\":\"0\",\"source\":\"https:\\\/\\\/laboratoriosciudadanos.siciudadania.co\\\/wp-content\\\/uploads\\\/2020\\\/12\\\/Cartilla-IPCM4.pdf\",\"wpOptions\":\"true\"}; if(window.DFLIP && window.DFLIP.parseBooks){window.DFLIP.parseBooks();}<\/script>\n\n\n\n<div style=\"height:100px\" aria-hidden=\"true\" class=\"wp-block-spacer\"><\/div>\n\n\n\n<p style=\"font-size:30px\">Cartilla Nuevas metodolog\u00edas para la Participaci\u00f3n Ciudadana:<\/p>\n\n\n<div class=\"_df_book df-lite\" id=\"df_718\"  data-title=\"nuevas-metodologias-para-la-participacion-ciudadana\" _slug=\"cartilla-resultados-de-la-primera-medicion-del-ipcm-2017\" wpoptions=\"true\" thumbtype=\"bg\" ><p class=\"df-raw-loading\">Please wait while flipbook is loading. For more related info, FAQs and issues please refer to <a href=\"https:\/\/wordpress.org\/plugins\/3d-flipbook-dflip-lite\/#installation\">DearFlip WordPress Flipbook Plugin Help<\/a> documentation.<\/p><\/div><script class=\"df-shortcode-script\" type=\"application\/javascript\">window.option_df_718 = {\"outline\":[],\"forceFit\":\"true\",\"autoEnableOutline\":\"false\",\"autoEnableThumbnail\":\"false\",\"overwritePDFOutline\":\"false\",\"direction\":\"1\",\"pageSize\":\"0\",\"source\":\"https:\\\/\\\/laboratoriosciudadanos.siciudadania.co\\\/wp-content\\\/uploads\\\/2020\\\/12\\\/Nuevas-Metodologias-para-la-Participacion-Ciudadana-de-Medellin.pdf\",\"wpOptions\":\"true\"}; if(window.DFLIP && window.DFLIP.parseBooks){window.DFLIP.parseBooks();}<\/script>\n\n\n\n<div style=\"height:70px\" aria-hidden=\"true\" class=\"wp-block-spacer\"><\/div>\n\n\n\n<div class=\"wp-block-buttons\">\n<div class=\"wp-block-button is-style-outline\"><a class=\"wp-block-button__link has-black-color has-text-color\" href=\"https:\/\/laboratoriosciudadanos.siciudadania.co\/index.php\/lab-2-identificacion\/\">Volver<\/a><\/div>\n<\/div>\n","protected":false},"excerpt":{"rendered":"<p>Aqu\u00ed dejamos a tu disposici\u00f3n varias cartillas donde podr\u00e1s conocer un poco m\u00e1s acerca del \u00cdndice de Participaci\u00f3n Ciudadana, las mediciones que hemos hecho en a\u00f1os anteriores y los resultados que han arrojado. Haz clic en cada uno de los recursos para explorarlos detalladamente. Cartilla Calidad de la participaci\u00f3n ciudadana en Medell\u00edn: resultados IPCM 2019: &hellip; <\/p>\n","protected":false},"author":1,"featured_media":0,"parent":0,"menu_order":0,"comment_status":"closed","ping_status":"closed","template":"","meta":[],"_links":{"self":[{"href":"https:\/\/laboratoriosciudadanos.siciudadania.co\/index.php\/wp-json\/wp\/v2\/pages\/660"}],"collection":[{"href":"https:\/\/laboratoriosciudadanos.siciudadania.co\/index.php\/wp-json\/wp\/v2\/pages"}],"about":[{"href":"https:\/\/laboratoriosciudadanos.siciudadania.co\/index.php\/wp-json\/wp\/v2\/types\/page"}],"author":[{"embeddable":true,"href":"https:\/\/laboratoriosciudadanos.siciudadania.co\/index.php\/wp-json\/wp\/v2\/users\/1"}],"replies":[{"embeddable":true,"href":"https:\/\/laboratoriosciudadanos.siciudadania.co\/index.php\/wp-json\/wp\/v2\/comments?post=660"}],"version-history":[{"count":13,"href":"https:\/\/laboratoriosciudadanos.siciudadania.co\/index.php\/wp-json\/wp\/v2\/pages\/660\/revisions"}],"predecessor-version":[{"id":860,"href":"https:\/\/laboratoriosciudadanos.siciudadania.co\/index.php\/wp-json\/wp\/v2\/pages\/660\/revisions\/860"}],"wp:attachment":[{"href":"https:\/\/laboratoriosciudadanos.siciudadania.co\/index.php\/wp-json\/wp\/v2\/media?parent=660"}],"curies":[{"name":"wp","href":"https:\/\/api.w.org\/{rel}","templated":true}]}}